{"id":2125,"date":"2024-07-25T22:44:38","date_gmt":"2024-07-25T22:44:38","guid":{"rendered":"https:\/\/www.alcidesarevalo.com\/?page_id=2125"},"modified":"2026-01-05T16:16:23","modified_gmt":"2026-01-05T16:16:23","slug":"alta-calidad","status":"publish","type":"page","link":"https:\/\/www.alcidesarevalo.com\/?page_id=2125","title":{"rendered":"ALTA CALIDAD"},"content":{"rendered":"\t\t<div data-elementor-type=\"wp-page\" data-elementor-id=\"2125\" class=\"elementor elementor-2125\" data-elementor-post-type=\"page\">\n\t\t\t\t<div class=\"elementor-element elementor-element-4067555 e-flex e-con-boxed e-con e-parent\" data-id=\"4067555\" data-element_type=\"container\" data-e-type=\"container\">\n\t\t\t\t\t<div class=\"e-con-inner\">\n\t\t\t\t\t<\/div>\n\t\t\t\t<\/div>\n\t\t\t\t<\/div>\n\t\t","protected":false},"excerpt":{"rendered":"<p>Organizaci\u00f3n Alcides Ar\u00e9valo \ud83c\udf89Que Esperas Para Comprar Tu Kit (PISTONES-ANILLOS)\ud83d\udcaf Organizaci\u00f3n Alcides Ar\u00e9valo \ud83d\udd25Un Amplio STOCK Para Una Amplia Variedad De Necesidades. \ud83d\udca5 Organizaci\u00f3n Alcides Ar\u00e9valo \ud83d\ude97\ud83d\udd25M\u00e1s Que Una Marca, Productos De Alta Calidad Para Los M\u00e1s Exigentes. Jozama M\u00e1s All\u00e1 De Tus Necesidades.\ud83d\udcf1\ud83d\udcf2 Organizaci\u00f3n Alcides Ar\u00e9valo \ud83d\udd25 Lo Mejor En Suspensi\u00f3n Para Veh\u00edculo Japon\u00e9s, [&hellip;]<\/p>\n","protected":false},"author":1,"featured_media":0,"parent":0,"menu_order":0,"comment_status":"closed","ping_status":"closed","template":"","meta":{"footnotes":""},"class_list":["post-2125","page","type-page","status-publish","hentry"],"_links":{"self":[{"href":"https:\/\/www.alcidesarevalo.com\/index.php?rest_route=\/wp\/v2\/pages\/2125","targetHints":{"allow":["GET"]}}],"collection":[{"href":"https:\/\/www.alcidesarevalo.com\/index.php?rest_route=\/wp\/v2\/pages"}],"about":[{"href":"https:\/\/www.alcidesarevalo.com\/index.php?rest_route=\/wp\/v2\/types\/page"}],"author":[{"embeddable":true,"href":"https:\/\/www.alcidesarevalo.com\/index.php?rest_route=\/wp\/v2\/users\/1"}],"replies":[{"embeddable":true,"href":"https:\/\/www.alcidesarevalo.com\/index.php?rest_route=%2Fwp%2Fv2%2Fcomments&post=2125"}],"version-history":[{"count":43,"href":"https:\/\/www.alcidesarevalo.com\/index.php?rest_route=\/wp\/v2\/pages\/2125\/revisions"}],"predecessor-version":[{"id":7490,"href":"https:\/\/www.alcidesarevalo.com\/index.php?rest_route=\/wp\/v2\/pages\/2125\/revisions\/7490"}],"wp:attachment":[{"href":"https:\/\/www.alcidesarevalo.com\/index.php?rest_route=%2Fwp%2Fv2%2Fmedia&parent=2125"}],"curies":[{"name":"wp","href":"https:\/\/api.w.org\/{rel}","templated":true}]}}