{"id":1890,"date":"2024-07-23T15:07:29","date_gmt":"2024-07-23T15:07:29","guid":{"rendered":"https:\/\/www.alcidesarevalo.com\/?page_id=1890"},"modified":"2025-04-02T19:49:59","modified_gmt":"2025-04-02T19:49:59","slug":"nueva-aplicacion","status":"publish","type":"page","link":"https:\/\/www.alcidesarevalo.com\/?page_id=1890","title":{"rendered":"NUEVA APLICACI\u00d3N"},"content":{"rendered":"\t\t<div data-elementor-type=\"wp-page\" data-elementor-id=\"1890\" class=\"elementor elementor-1890\" data-elementor-post-type=\"page\">\n\t\t\t\t<div class=\"elementor-element elementor-element-0dbc0d1 e-flex e-con-boxed e-con e-parent\" data-id=\"0dbc0d1\" data-element_type=\"container\" data-e-type=\"container\">\n\t\t\t\t\t<div class=\"e-con-inner\">\n\t\t\t\t<div class=\"elementor-element elementor-element-99150b7 elementor-widget elementor-widget-heading\" data-id=\"99150b7\" data-element_type=\"widget\" data-e-type=\"widget\" data-widget_type=\"heading.default\">\n\t\t\t\t<div class=\"elementor-widget-container\">\n\t\t\t\t\t<h2 class=\"elementor-heading-title elementor-size-default\">APLICACIONES NUEVAS<\/h2>\t\t\t\t<\/div>\n\t\t\t\t<\/div>\n\t\t\t\t<div class=\"elementor-element elementor-element-a1a1470 elementor-widget elementor-widget-heading\" data-id=\"a1a1470\" data-element_type=\"widget\" data-e-type=\"widget\" data-widget_type=\"heading.default\">\n\t\t\t\t<div class=\"elementor-widget-container\">\n\t\t\t\t\t<div class=\"elementor-heading-title elementor-size-default\">ORGANIZACI\u00d3N ALCIDES AREVALO <\/div>\t\t\t\t<\/div>\n\t\t\t\t<\/div>\n\t\t\t\t\t<\/div>\n\t\t\t\t<\/div>\n\t\t<div class=\"elementor-element elementor-element-62ef022 e-flex e-con-boxed e-con e-parent\" data-id=\"62ef022\" data-element_type=\"container\" data-e-type=\"container\">\n\t\t\t\t\t<div class=\"e-con-inner\">\n\t\t\t\t\t<\/div>\n\t\t\t\t<\/div>\n\t\t\t\t<\/div>\n\t\t","protected":false},"excerpt":{"rendered":"<p>APLICACIONES NUEVAS ORGANIZACI\u00d3N ALCIDES AREVALO Organizaci\u00f3n Alcides Ar\u00e9valo \ud83d\udd0a\ud83d\udce2Nuestro Portafolio Sigue Creciendo y Tu Negocio Tambi\u00e9n. Mercanc\u00eda Lista Para Separar!!! Organizaci\u00f3n Alcides Ar\u00e9valo \ud83d\udd25Nuestra mercanc\u00eda sigue llegando en el momento justo&#8230; Comun\u00edcate con tu asesor de confianza y realiza tu pedido!\ud83d\udcf1\ud83d\udcf2 Organizaci\u00f3n Alcides Ar\u00e9valo \ud83d\ude97\ud83d\udd25Ya est\u00e1n en la puerta de entrada&#8230;separa con anticipaci\u00f3n tu pedido. [&hellip;]<\/p>\n","protected":false},"author":1,"featured_media":0,"parent":0,"menu_order":0,"comment_status":"closed","ping_status":"closed","template":"","meta":{"footnotes":""},"class_list":["post-1890","page","type-page","status-publish","hentry"],"_links":{"self":[{"href":"https:\/\/www.alcidesarevalo.com\/index.php?rest_route=\/wp\/v2\/pages\/1890","targetHints":{"allow":["GET"]}}],"collection":[{"href":"https:\/\/www.alcidesarevalo.com\/index.php?rest_route=\/wp\/v2\/pages"}],"about":[{"href":"https:\/\/www.alcidesarevalo.com\/index.php?rest_route=\/wp\/v2\/types\/page"}],"author":[{"embeddable":true,"href":"https:\/\/www.alcidesarevalo.com\/index.php?rest_route=\/wp\/v2\/users\/1"}],"replies":[{"embeddable":true,"href":"https:\/\/www.alcidesarevalo.com\/index.php?rest_route=%2Fwp%2Fv2%2Fcomments&post=1890"}],"version-history":[{"count":93,"href":"https:\/\/www.alcidesarevalo.com\/index.php?rest_route=\/wp\/v2\/pages\/1890\/revisions"}],"predecessor-version":[{"id":5200,"href":"https:\/\/www.alcidesarevalo.com\/index.php?rest_route=\/wp\/v2\/pages\/1890\/revisions\/5200"}],"wp:attachment":[{"href":"https:\/\/www.alcidesarevalo.com\/index.php?rest_route=%2Fwp%2Fv2%2Fmedia&parent=1890"}],"curies":[{"name":"wp","href":"https:\/\/api.w.org\/{rel}","templated":true}]}}